{"id":59,"date":"2020-05-11T17:55:54","date_gmt":"2020-05-11T15:55:54","guid":{"rendered":"http:\/\/verenas-ideenreich.de\/?page_id=59"},"modified":"2024-12-18T17:08:44","modified_gmt":"2024-12-18T16:08:44","slug":"startseite","status":"publish","type":"page","link":"https:\/\/verenas-ideenreich.de\/","title":{"rendered":"Herzlich Willkommen"},"content":{"rendered":"\n<p><\/p>\n\n\n\n<p>Hier findet Ihr Fotos meiner selbstgen\u00e4hten Ideen.<\/p>\n\n\n\n<p>Besonderen Spa\u00df macht es mir, aus alten Stoffen und Kleidungsst\u00fccken Neues entstehen zu lassen. So versuche ich, nichts was aus Stoff ist, wegzuwerfen. Daf\u00fcr sammle ich diverse Stoffe und Kleidungsst\u00fccke, bis ich sie f\u00fcr ihren gro\u00dfen (oder kleinen) Auftritt neu in Szene setze.<\/p>\n\n\n\n<p>Gerne n\u00e4he ich auch ganz nach den W\u00fcnschen meiner Kunden, meiner Familie und Freunde. Entweder f\u00fcr sie selbst oder zum Weiterschenken. Ob sie mir dazu ein liebgewonnenes Kleidungsst\u00fcck abgeben, ich einen Stoff kaufe oder etwas Passendes aus meinem Fundus verwende, h\u00e4ngt vom gew\u00fcnschten Projekt ab. <\/p>\n\n\n\n<p>Lass dich durch meine Ideen inspirieren. Es entstehen fast jeden Tag neue Werke.  Ich freue mich \u00fcber deine R\u00fcckfrage; evtl. darf eine meiner Kreationen bei dir, oder als Geschenk bei einem deiner Lieben, ihr neues Leben verbringen.<\/p>\n\n\n\n<p>Es besteht auch die M\u00f6glichkeit, Kommentare zu schreiben. Dazu muss die \u00dcberschrift eines Projektes angeklickt werden &#8211; und es kann losgehen. <\/p>\n\n\n\n<p>VIEL SPASS!<\/p>\n","protected":false},"excerpt":{"rendered":"<p>Hier findet Ihr Fotos meiner selbstgen\u00e4hten Ideen. Besonderen Spa\u00df macht es mir, aus alten Stoffen und Kleidungsst\u00fccken Neues entstehen zu lassen. So versuche ich, nichts was aus Stoff ist, wegzuwerfen. Daf\u00fcr sammle ich diverse Stoffe und Kleidungsst\u00fccke, bis ich sie f\u00fcr ihren gro\u00dfen (oder kleinen) Auftritt neu in Szene setze. Gerne n\u00e4he ich auch ganz &hellip; <\/p>\n<p class=\"link-more\"><a href=\"https:\/\/verenas-ideenreich.de\/\" class=\"more-link\"><span class=\"screen-reader-text\">\u201eHerzlich Willkommen\u201c<\/span> weiterlesen<\/a><\/p>\n","protected":false},"author":1,"featured_media":0,"parent":0,"menu_order":1,"comment_status":"closed","ping_status":"closed","template":"","meta":[],"_links":{"self":[{"href":"https:\/\/verenas-ideenreich.de\/index.php?rest_route=\/wp\/v2\/pages\/59"}],"collection":[{"href":"https:\/\/verenas-ideenreich.de\/index.php?rest_route=\/wp\/v2\/pages"}],"about":[{"href":"https:\/\/verenas-ideenreich.de\/index.php?rest_route=\/wp\/v2\/types\/page"}],"author":[{"embeddable":true,"href":"https:\/\/verenas-ideenreich.de\/index.php?rest_route=\/wp\/v2\/users\/1"}],"replies":[{"embeddable":true,"href":"https:\/\/verenas-ideenreich.de\/index.php?rest_route=%2Fwp%2Fv2%2Fcomments&post=59"}],"version-history":[{"count":23,"href":"https:\/\/verenas-ideenreich.de\/index.php?rest_route=\/wp\/v2\/pages\/59\/revisions"}],"predecessor-version":[{"id":1398,"href":"https:\/\/verenas-ideenreich.de\/index.php?rest_route=\/wp\/v2\/pages\/59\/revisions\/1398"}],"wp:attachment":[{"href":"https:\/\/verenas-ideenreich.de\/index.php?rest_route=%2Fwp%2Fv2%2Fmedia&parent=59"}],"curies":[{"name":"wp","href":"https:\/\/api.w.org\/{rel}","templated":true}]}}