{"id":704,"date":"2021-02-13T15:30:00","date_gmt":"2021-02-13T14:30:00","guid":{"rendered":"http:\/\/verenas-ideenreich.de\/?page_id=704"},"modified":"2026-02-24T19:58:02","modified_gmt":"2026-02-24T18:58:02","slug":"aktuell-verfuegbare-werke","status":"publish","type":"page","link":"https:\/\/verenas-ideenreich.de\/?page_id=704","title":{"rendered":"Aktuell verf\u00fcgbare Werke"},"content":{"rendered":"\n<p>Eine Zeit lang waren die meisten meiner aktuell verf\u00fcgbaren Werke auf etsy zu finden, einer Plattform f\u00fcr handgemachte Artikel. <em>Zu meinem etsy-Shop geht es <a rel=\"noreferrer noopener\" href=\"https:\/\/www.etsy.com\/de\/shop\/verenasideenreich\" target=\"_blank\">hier<\/a>.<\/em><\/p>\n\n\n\n<p>Nachdem es dort aber schwierig ist, bei wenigen Artikeln auffindbar zu bleiben, werde ich zeitnah meine Artikel wieder haupts\u00e4chlich  auf meiner eigenen Seite zeigen. <\/p>\n\n\n\n<p>Bis dahin gilt noch: <strong>Gerne kannst du alles, was du dort sieht auch bei mir pers\u00f6nlich kaufen<\/strong> oder direkt bei mir bestellen. Wenn ich die Sachen nicht versenden muss sind die Preise g\u00fcnstiger! <\/p>\n\n\n\n<p>Bitte rufe mich einfach an unter 0151-20120966 oder sende mir eine Mail an verena(at)rdietsch.de, dann melde ich mich zeitnah bei dir. <\/p>\n\n\n\n<p>Hier siehst du weitere Ideen, die ich so oder \u00e4hnlich auch nach deinen W\u00fcnschen n\u00e4hen kann. <\/p>\n\n\n\n<p>Klicke den Namen (im Foto) an und du erf\u00e4hrst mehr zu diesem Werk, wie z.B. Gr\u00f6\u00dfe, verwendete Materialien usw. Viel Spa\u00df beim St\u00f6bern &#8211; evtl. ist etwas f\u00fcr dich dabei \ud83d\ude42<\/p>\n\n\n\n<figure class=\"wp-block-gallery has-nested-images columns-default is-cropped\">\n<figure class=\"wp-block-image size-large\"><a href=\"https:\/\/verenas-ideenreich.de\/wp-content\/uploads\/2022\/07\/taschenfreund-upcycling-selbstgenaeht-hochzeit-4.jpg\"><img loading=\"lazy\" width=\"1200\" height=\"899\" data-id=\"1334\"  src=\"https:\/\/verenas-ideenreich.de\/wp-content\/uploads\/2022\/07\/taschenfreund-upcycling-selbstgenaeht-hochzeit-4.jpg\" alt=\"\" class=\"wp-image-1334\" srcset=\"https:\/\/verenas-ideenreich.de\/wp-content\/uploads\/2022\/07\/taschenfreund-upcycling-selbstgenaeht-hochzeit-4.jpg 1200w, https:\/\/verenas-ideenreich.de\/wp-content\/uploads\/2022\/07\/taschenfreund-upcycling-selbstgenaeht-hochzeit-4-300x225.jpg 300w, https:\/\/verenas-ideenreich.de\/wp-content\/uploads\/2022\/07\/taschenfreund-upcycling-selbstgenaeht-hochzeit-4-1024x767.jpg 1024w, https:\/\/verenas-ideenreich.de\/wp-content\/uploads\/2022\/07\/taschenfreund-upcycling-selbstgenaeht-hochzeit-4-768x575.jpg 768w\" sizes=\"(max-width: 767px) 89vw, (max-width: 1000px) 54vw, (max-width: 1071px) 543px, 580px\" \/><\/a><figcaption><a href=\"https:\/\/verenas-ideenreich.de\/?p=1336\" data-type=\"URL\" data-id=\"https:\/\/verenas-ideenreich.de\/?p=1336\" target=\"_blank\" rel=\"noreferrer noopener\">Hochzeitsgeschenkidee<\/a><\/figcaption><\/figure>\n<\/figure>\n\n\n\n<figure class=\"wp-block-gallery has-nested-images columns-default is-cropped\">\n<figure class=\"wp-block-image size-large\"><a href=\"https:\/\/verenas-ideenreich.de\/wp-content\/uploads\/2022\/03\/Einkaufstaschen-Herz-nachhaltig-selbst-genaeht-5.jpg\"><img loading=\"lazy\" width=\"1200\" height=\"900\" data-id=\"1268\"  src=\"https:\/\/verenas-ideenreich.de\/wp-content\/uploads\/2022\/03\/Einkaufstaschen-Herz-nachhaltig-selbst-genaeht-5.jpg\" alt=\"Einkaufstaschen-Herz-nachhaltig-selbst-genaeht\" class=\"wp-image-1268\" srcset=\"https:\/\/verenas-ideenreich.de\/wp-content\/uploads\/2022\/03\/Einkaufstaschen-Herz-nachhaltig-selbst-genaeht-5.jpg 1200w, https:\/\/verenas-ideenreich.de\/wp-content\/uploads\/2022\/03\/Einkaufstaschen-Herz-nachhaltig-selbst-genaeht-5-300x225.jpg 300w, https:\/\/verenas-ideenreich.de\/wp-content\/uploads\/2022\/03\/Einkaufstaschen-Herz-nachhaltig-selbst-genaeht-5-1024x768.jpg 1024w, https:\/\/verenas-ideenreich.de\/wp-content\/uploads\/2022\/03\/Einkaufstaschen-Herz-nachhaltig-selbst-genaeht-5-768x576.jpg 768w\" sizes=\"(max-width: 767px) 89vw, (max-width: 1000px) 54vw, (max-width: 1071px) 543px, 580px\" \/><\/a><\/figure>\n\n\n\n<figure class=\"wp-block-image size-large\"><a href=\"https:\/\/verenas-ideenreich.de\/wp-content\/uploads\/2022\/03\/Einkaufstaschen-Herz-nachhaltig-selbst-genaeht-6.jpg\"><img loading=\"lazy\" width=\"1200\" height=\"899\" data-id=\"1269\"  src=\"https:\/\/verenas-ideenreich.de\/wp-content\/uploads\/2022\/03\/Einkaufstaschen-Herz-nachhaltig-selbst-genaeht-6.jpg\" alt=\"Einkaufstaschen-Herz-nachhaltig-selbst-genaeht\" class=\"wp-image-1269\" srcset=\"https:\/\/verenas-ideenreich.de\/wp-content\/uploads\/2022\/03\/Einkaufstaschen-Herz-nachhaltig-selbst-genaeht-6.jpg 1200w, https:\/\/verenas-ideenreich.de\/wp-content\/uploads\/2022\/03\/Einkaufstaschen-Herz-nachhaltig-selbst-genaeht-6-300x225.jpg 300w, https:\/\/verenas-ideenreich.de\/wp-content\/uploads\/2022\/03\/Einkaufstaschen-Herz-nachhaltig-selbst-genaeht-6-1024x767.jpg 1024w, https:\/\/verenas-ideenreich.de\/wp-content\/uploads\/2022\/03\/Einkaufstaschen-Herz-nachhaltig-selbst-genaeht-6-768x575.jpg 768w\" sizes=\"(max-width: 767px) 89vw, (max-width: 1000px) 54vw, (max-width: 1071px) 543px, 580px\" \/><\/a><\/figure>\n\n\n\n<figure class=\"wp-block-image size-large\"><a href=\"https:\/\/verenas-ideenreich.de\/wp-content\/uploads\/2022\/03\/Einkaufstaschen-Herz-nachhaltig-selbst-genaeht-4.jpg\"><img loading=\"lazy\" width=\"1200\" height=\"899\" data-id=\"1267\"  src=\"https:\/\/verenas-ideenreich.de\/wp-content\/uploads\/2022\/03\/Einkaufstaschen-Herz-nachhaltig-selbst-genaeht-4.jpg\" alt=\"Einkaufstaschen-Herz-nachhaltig-selbst-genaeht\" class=\"wp-image-1267\" srcset=\"https:\/\/verenas-ideenreich.de\/wp-content\/uploads\/2022\/03\/Einkaufstaschen-Herz-nachhaltig-selbst-genaeht-4.jpg 1200w, https:\/\/verenas-ideenreich.de\/wp-content\/uploads\/2022\/03\/Einkaufstaschen-Herz-nachhaltig-selbst-genaeht-4-300x225.jpg 300w, https:\/\/verenas-ideenreich.de\/wp-content\/uploads\/2022\/03\/Einkaufstaschen-Herz-nachhaltig-selbst-genaeht-4-1024x767.jpg 1024w, https:\/\/verenas-ideenreich.de\/wp-content\/uploads\/2022\/03\/Einkaufstaschen-Herz-nachhaltig-selbst-genaeht-4-768x575.jpg 768w\" sizes=\"(max-width: 767px) 89vw, (max-width: 1000px) 54vw, (max-width: 1071px) 543px, 580px\" \/><\/a><\/figure>\n<figcaption class=\"blocks-gallery-caption\"><a href=\"https:\/\/verenas-ideenreich.de\/?p=1262\" data-type=\"URL\" data-id=\"https:\/\/verenas-ideenreich.de\/?p=1262\">Einkaufstaschen-Herzen<\/a><\/figcaption><\/figure>\n\n\n\n<div class=\"wp-container-1 wp-block-group\"><div class=\"wp-block-group__inner-container\">\n<figure class=\"wp-block-gallery has-nested-images columns-default is-cropped\">\n<figure class=\"wp-block-image size-large\"><a href=\"https:\/\/verenas-ideenreich.de\/wp-content\/uploads\/2022\/01\/geschenkbeutel-upcycling-selbst-genaeht2.jpg\"><img loading=\"lazy\" width=\"1024\" height=\"767\" src=\"https:\/\/verenas-ideenreich.de\/wp-content\/uploads\/2022\/01\/geschenkbeutel-upcycling-selbst-genaeht2-1024x767.jpg\" alt=\"geschenkbeutel-upcycling-selbst-genaeht\" class=\"wp-image-1116\" srcset=\"https:\/\/verenas-ideenreich.de\/wp-content\/uploads\/2022\/01\/geschenkbeutel-upcycling-selbst-genaeht2-1024x767.jpg 1024w, https:\/\/verenas-ideenreich.de\/wp-content\/uploads\/2022\/01\/geschenkbeutel-upcycling-selbst-genaeht2-300x225.jpg 300w, https:\/\/verenas-ideenreich.de\/wp-content\/uploads\/2022\/01\/geschenkbeutel-upcycling-selbst-genaeht2-768x575.jpg 768w, https:\/\/verenas-ideenreich.de\/wp-content\/uploads\/2022\/01\/geschenkbeutel-upcycling-selbst-genaeht2.jpg 1200w\" sizes=\"(max-width: 767px) 89vw, (max-width: 1000px) 54vw, (max-width: 1071px) 543px, 580px\" \/><\/a><figcaption><a rel=\"noreferrer noopener\" href=\"https:\/\/verenas-ideenreich.de\/?p=628\" target=\"_blank\"><mark style=\"background-color:rgba(0, 0, 0, 0)\" class=\"has-inline-color has-very-light-gray-color\">Geschenkbeutel <\/mark><\/a>(ab \u20ac 3,00)<\/figcaption><\/figure>\n\n\n\n<figure class=\"wp-block-image size-large\"><a href=\"https:\/\/verenas-ideenreich.de\/wp-content\/uploads\/2022\/01\/geschenkbeutel-upcycling-selbst-genaeht1.jpg\"><img loading=\"lazy\" width=\"1024\" height=\"767\" src=\"https:\/\/verenas-ideenreich.de\/wp-content\/uploads\/2022\/01\/geschenkbeutel-upcycling-selbst-genaeht1-1024x767.jpg\" alt=\"geschenkbeutel-upcycling-selbst-genaeht\" class=\"wp-image-1115\" srcset=\"https:\/\/verenas-ideenreich.de\/wp-content\/uploads\/2022\/01\/geschenkbeutel-upcycling-selbst-genaeht1-1024x767.jpg 1024w, https:\/\/verenas-ideenreich.de\/wp-content\/uploads\/2022\/01\/geschenkbeutel-upcycling-selbst-genaeht1-300x225.jpg 300w, https:\/\/verenas-ideenreich.de\/wp-content\/uploads\/2022\/01\/geschenkbeutel-upcycling-selbst-genaeht1-768x575.jpg 768w, https:\/\/verenas-ideenreich.de\/wp-content\/uploads\/2022\/01\/geschenkbeutel-upcycling-selbst-genaeht1.jpg 1200w\" sizes=\"(max-width: 767px) 89vw, (max-width: 1000px) 54vw, (max-width: 1071px) 543px, 580px\" \/><\/a><\/figure>\n<\/figure>\n<\/div><\/div>\n\n\n\n<div class=\"wp-container-2 wp-block-group\"><div class=\"wp-block-group__inner-container\">\n<figure class=\"wp-block-gallery has-nested-images columns-default is-cropped\">\n<figure class=\"wp-block-image size-large\"><a href=\"https:\/\/verenas-ideenreich.de\/wp-content\/uploads\/2020\/10\/001.jpg\"><img loading=\"lazy\" width=\"1000\" height=\"631\" src=\"https:\/\/verenas-ideenreich.de\/wp-content\/uploads\/2020\/10\/001.jpg\" alt=\"\" class=\"wp-image-597\" srcset=\"https:\/\/verenas-ideenreich.de\/wp-content\/uploads\/2020\/10\/001.jpg 1000w, https:\/\/verenas-ideenreich.de\/wp-content\/uploads\/2020\/10\/001-300x189.jpg 300w, https:\/\/verenas-ideenreich.de\/wp-content\/uploads\/2020\/10\/001-768x485.jpg 768w\" sizes=\"(max-width: 767px) 89vw, (max-width: 1000px) 54vw, (max-width: 1071px) 543px, 580px\" \/><\/a><figcaption><a href=\"https:\/\/verenas-ideenreich.de\/?p=596\"><mark style=\"background-color:rgba(0, 0, 0, 0)\" class=\"has-inline-color has-cyan-bluish-gray-color\">W\u00e4rmekissen<\/mark><\/a><\/figcaption><\/figure>\n<\/figure>\n<\/div><\/div>\n\n\n\n<figure class=\"wp-block-gallery has-nested-images columns-default is-cropped\">\n<figure class=\"wp-block-image size-large\"><a href=\"https:\/\/verenas-ideenreich.de\/wp-content\/uploads\/2020\/08\/chiptaeschchen-upcycling-selbstgenaeht-1.jpg\"><img loading=\"lazy\" width=\"1024\" height=\"769\" data-id=\"842\"  src=\"https:\/\/verenas-ideenreich.de\/wp-content\/uploads\/2020\/08\/chiptaeschchen-upcycling-selbstgenaeht-1-1024x769.jpg\" alt=\"\" class=\"wp-image-842\" srcset=\"https:\/\/verenas-ideenreich.de\/wp-content\/uploads\/2020\/08\/chiptaeschchen-upcycling-selbstgenaeht-1-1024x769.jpg 1024w, https:\/\/verenas-ideenreich.de\/wp-content\/uploads\/2020\/08\/chiptaeschchen-upcycling-selbstgenaeht-1-300x225.jpg 300w, https:\/\/verenas-ideenreich.de\/wp-content\/uploads\/2020\/08\/chiptaeschchen-upcycling-selbstgenaeht-1-768x576.jpg 768w, https:\/\/verenas-ideenreich.de\/wp-content\/uploads\/2020\/08\/chiptaeschchen-upcycling-selbstgenaeht-1.jpg 1199w\" sizes=\"(max-width: 767px) 89vw, (max-width: 1000px) 54vw, (max-width: 1071px) 543px, 580px\" \/><\/a><figcaption><a rel=\"noreferrer noopener\" href=\"https:\/\/verenas-ideenreich.de\/?p=547\" target=\"_blank\"><span class=\"has-inline-color has-cyan-bluish-gray-color\">Chipt\u00e4schchen &#8211; Minis (je \u20ac 3,50)<\/span><\/a><\/figcaption><\/figure>\n<\/figure>\n\n\n\n<figure class=\"wp-block-gallery has-nested-images columns-default is-cropped\">\n<figure class=\"wp-block-image size-large\"><a href=\"https:\/\/verenas-ideenreich.de\/wp-content\/uploads\/2021\/02\/manschettentaeschchen-hosentaschenfreund-upcycling-selbstgenaeht-3.jpg\"><img loading=\"lazy\" width=\"1024\" height=\"767\" data-id=\"857\"  src=\"https:\/\/verenas-ideenreich.de\/wp-content\/uploads\/2021\/02\/manschettentaeschchen-hosentaschenfreund-upcycling-selbstgenaeht-3-1024x767.jpg\" alt=\"manschettentaeschchen-hosentaschenfreund-upcycling-selbstgenaeht\" class=\"wp-image-857\" srcset=\"https:\/\/verenas-ideenreich.de\/wp-content\/uploads\/2021\/02\/manschettentaeschchen-hosentaschenfreund-upcycling-selbstgenaeht-3-1024x767.jpg 1024w, https:\/\/verenas-ideenreich.de\/wp-content\/uploads\/2021\/02\/manschettentaeschchen-hosentaschenfreund-upcycling-selbstgenaeht-3-300x225.jpg 300w, https:\/\/verenas-ideenreich.de\/wp-content\/uploads\/2021\/02\/manschettentaeschchen-hosentaschenfreund-upcycling-selbstgenaeht-3-768x575.jpg 768w, https:\/\/verenas-ideenreich.de\/wp-content\/uploads\/2021\/02\/manschettentaeschchen-hosentaschenfreund-upcycling-selbstgenaeht-3.jpg 1200w\" sizes=\"(max-width: 767px) 89vw, (max-width: 1000px) 54vw, (max-width: 1071px) 543px, 580px\" \/><\/a><figcaption><a rel=\"noreferrer noopener\" href=\"https:\/\/verenas-ideenreich.de\/?p=450\" target=\"_blank\"><span class=\"has-inline-color has-cyan-bluish-gray-color\">(Hosen-)Taschen-Freunde (je \u20ac 2,50)<\/span><\/a><\/figcaption><\/figure>\n<\/figure>\n\n\n\n<figure class=\"wp-block-gallery has-nested-images columns-default is-cropped\">\n<figure class=\"wp-block-image size-large\"><a href=\"https:\/\/verenas-ideenreich.de\/wp-content\/uploads\/2020\/07\/Utensilos_Simone_001.jpg\"><img loading=\"lazy\" width=\"1000\" height=\"528\" data-id=\"464\"  src=\"https:\/\/verenas-ideenreich.de\/wp-content\/uploads\/2020\/07\/Utensilos_Simone_001.jpg\" alt=\"\" class=\"wp-image-464\" srcset=\"https:\/\/verenas-ideenreich.de\/wp-content\/uploads\/2020\/07\/Utensilos_Simone_001.jpg 1000w, https:\/\/verenas-ideenreich.de\/wp-content\/uploads\/2020\/07\/Utensilos_Simone_001-300x158.jpg 300w, https:\/\/verenas-ideenreich.de\/wp-content\/uploads\/2020\/07\/Utensilos_Simone_001-768x406.jpg 768w\" sizes=\"(max-width: 767px) 89vw, (max-width: 1000px) 54vw, (max-width: 1071px) 543px, 580px\" \/><\/a><figcaption><a href=\"https:\/\/verenas-ideenreich.de\/?p=463\" data-type=\"URL\" data-id=\"https:\/\/verenas-ideenreich.de\/?p=463\"><mark style=\"background-color:rgba(0, 0, 0, 0)\" class=\"has-inline-color has-white-color\">Utensilo-Beispiele<\/mark><\/a><\/figcaption><\/figure>\n<\/figure>\n\n\n\n<figure class=\"wp-block-gallery has-nested-images columns-default is-cropped\">\n<figure class=\"wp-block-image size-large\"><a href=\"https:\/\/verenas-ideenreich.de\/wp-content\/uploads\/2022\/03\/Brotbeutel-nachhaltig-selbst-genaeht-1.jpg\"><img loading=\"lazy\" width=\"1024\" height=\"769\" data-id=\"1280\"  src=\"https:\/\/verenas-ideenreich.de\/wp-content\/uploads\/2022\/03\/Brotbeutel-nachhaltig-selbst-genaeht-1-1024x769.jpg\" alt=\"Brotbeutel-nachhaltig-selbst-genaeht\" class=\"wp-image-1280\" srcset=\"https:\/\/verenas-ideenreich.de\/wp-content\/uploads\/2022\/03\/Brotbeutel-nachhaltig-selbst-genaeht-1-1024x769.jpg 1024w, https:\/\/verenas-ideenreich.de\/wp-content\/uploads\/2022\/03\/Brotbeutel-nachhaltig-selbst-genaeht-1-300x225.jpg 300w, https:\/\/verenas-ideenreich.de\/wp-content\/uploads\/2022\/03\/Brotbeutel-nachhaltig-selbst-genaeht-1-768x576.jpg 768w, https:\/\/verenas-ideenreich.de\/wp-content\/uploads\/2022\/03\/Brotbeutel-nachhaltig-selbst-genaeht-1.jpg 1199w\" sizes=\"(max-width: 767px) 89vw, (max-width: 1000px) 54vw, (max-width: 1071px) 543px, 580px\" \/><\/a><figcaption><a href=\"https:\/\/verenas-ideenreich.de\/?p=179\" data-type=\"URL\" data-id=\"https:\/\/verenas-ideenreich.de\/?p=179\"><mark style=\"background-color:rgba(0, 0, 0, 0)\" class=\"has-inline-color has-vivid-red-color\">Brotbeutel (Beispiel)<\/mark><\/a><\/figcaption><\/figure>\n<\/figure>\n\n\n\n<figure class=\"wp-block-gallery has-nested-images columns-default is-cropped\">\n<figure class=\"wp-block-image size-large\"><a href=\"https:\/\/verenas-ideenreich.de\/wp-content\/uploads\/2020\/08\/001-1.jpg\"><img loading=\"lazy\" width=\"1000\" height=\"1188\" data-id=\"511\"  src=\"https:\/\/verenas-ideenreich.de\/wp-content\/uploads\/2020\/08\/001-1.jpg\" alt=\"\" class=\"wp-image-511\" srcset=\"https:\/\/verenas-ideenreich.de\/wp-content\/uploads\/2020\/08\/001-1.jpg 1000w, https:\/\/verenas-ideenreich.de\/wp-content\/uploads\/2020\/08\/001-1-253x300.jpg 253w, https:\/\/verenas-ideenreich.de\/wp-content\/uploads\/2020\/08\/001-1-862x1024.jpg 862w, https:\/\/verenas-ideenreich.de\/wp-content\/uploads\/2020\/08\/001-1-768x912.jpg 768w\" sizes=\"(max-width: 767px) 89vw, (max-width: 1000px) 54vw, (max-width: 1071px) 543px, 580px\" \/><\/a><figcaption><a href=\"https:\/\/verenas-ideenreich.de\/?p=508\"><mark style=\"background-color:rgba(0, 0, 0, 0)\" class=\"has-inline-color has-black-color\">Utensilo-Beutel (Beispiel) <\/mark><\/a><\/figcaption><\/figure>\n<\/figure>\n\n\n\n<figure class=\"wp-block-gallery has-nested-images columns-default is-cropped\">\n<figure class=\"wp-block-image size-large\"><a href=\"https:\/\/verenas-ideenreich.de\/wp-content\/uploads\/2020\/08\/001-2.jpg\"><img loading=\"lazy\" width=\"1000\" height=\"1378\" data-id=\"518\"  src=\"https:\/\/verenas-ideenreich.de\/wp-content\/uploads\/2020\/08\/001-2.jpg\" alt=\"\" class=\"wp-image-518\" srcset=\"https:\/\/verenas-ideenreich.de\/wp-content\/uploads\/2020\/08\/001-2.jpg 1000w, https:\/\/verenas-ideenreich.de\/wp-content\/uploads\/2020\/08\/001-2-218x300.jpg 218w, https:\/\/verenas-ideenreich.de\/wp-content\/uploads\/2020\/08\/001-2-743x1024.jpg 743w, https:\/\/verenas-ideenreich.de\/wp-content\/uploads\/2020\/08\/001-2-768x1058.jpg 768w\" sizes=\"(max-width: 767px) 89vw, (max-width: 1000px) 54vw, (max-width: 1071px) 543px, 580px\" \/><\/a><figcaption><a href=\"https:\/\/verenas-ideenreich.de\/?p=517\"><mark style=\"background-color:rgba(0, 0, 0, 0)\" class=\"has-inline-color has-white-color\">Lavendelkissen (\u20ac 3,00) <\/mark><\/a><\/figcaption><\/figure>\n<\/figure>\n\n\n\n<p><\/p>\n","protected":false},"excerpt":{"rendered":"<p>Eine Zeit lang waren die meisten meiner aktuell verf\u00fcgbaren Werke auf etsy zu finden, einer Plattform f\u00fcr handgemachte Artikel. Zu meinem etsy-Shop geht es hier. Nachdem es dort aber schwierig ist, bei wenigen Artikeln auffindbar zu bleiben, werde ich zeitnah meine Artikel wieder haupts\u00e4chlich auf meiner eigenen Seite zeigen. Bis dahin gilt noch: Gerne kannst &hellip; <\/p>\n<p class=\"link-more\"><a href=\"https:\/\/verenas-ideenreich.de\/?page_id=704\" class=\"more-link\"><span class=\"screen-reader-text\">\u201eAktuell verf\u00fcgbare Werke\u201c<\/span> weiterlesen<\/a><\/p>\n","protected":false},"author":1,"featured_media":0,"parent":0,"menu_order":4,"comment_status":"closed","ping_status":"closed","template":"","meta":[],"_links":{"self":[{"href":"https:\/\/verenas-ideenreich.de\/index.php?rest_route=\/wp\/v2\/pages\/704"}],"collection":[{"href":"https:\/\/verenas-ideenreich.de\/index.php?rest_route=\/wp\/v2\/pages"}],"about":[{"href":"https:\/\/verenas-ideenreich.de\/index.php?rest_route=\/wp\/v2\/types\/page"}],"author":[{"embeddable":true,"href":"https:\/\/verenas-ideenreich.de\/index.php?rest_route=\/wp\/v2\/users\/1"}],"replies":[{"embeddable":true,"href":"https:\/\/verenas-ideenreich.de\/index.php?rest_route=%2Fwp%2Fv2%2Fcomments&post=704"}],"version-history":[{"count":97,"href":"https:\/\/verenas-ideenreich.de\/index.php?rest_route=\/wp\/v2\/pages\/704\/revisions"}],"predecessor-version":[{"id":1431,"href":"https:\/\/verenas-ideenreich.de\/index.php?rest_route=\/wp\/v2\/pages\/704\/revisions\/1431"}],"wp:attachment":[{"href":"https:\/\/verenas-ideenreich.de\/index.php?rest_route=%2Fwp%2Fv2%2Fmedia&parent=704"}],"curies":[{"name":"wp","href":"https:\/\/api.w.org\/{rel}","templated":true}]}}